{"id":2992,"date":"2024-11-29T15:32:24","date_gmt":"2024-11-29T15:32:24","guid":{"rendered":"https:\/\/coaching-proaktiv.de\/index.php\/hypnose\/"},"modified":"2025-01-18T13:38:12","modified_gmt":"2025-01-18T13:38:12","slug":"hypnose","status":"publish","type":"page","link":"https:\/\/coaching-proaktiv.de\/index.php\/hypnose\/","title":{"rendered":"Hypnose"},"content":{"rendered":"\n  \n    \n    <section class=\"u-clearfix u-section-2\" id=\"sec-2b37\">\n      <div class=\"u-clearfix u-sheet u-valign-middle u-sheet-1\">\n        <div class=\"u-clearfix u-custom-html u-expanded-width u-custom-html-1\">\n          <p>\n            <span style=\"font-size: 36pt; color: #db545a;\">\n              <strong>Hypnose<\/strong>\n            <\/span>\n          <\/p>\n          <p>&nbsp;<\/p>\n          <p>\n            <strong>\n              <img data-recalc-dims=\"1\" loading=\"lazy\" decoding=\"async\" class=\"alignnone size-full wp-image-80\" src=\"https:\/\/i0.wp.com\/coaching-proaktiv.de\/wp-content\/uploads\/2024\/11\/ausgebildeter-hypnotiseur-tmi-200.jpg?resize=200%2C200&#038;ssl=1\" alt=\"\" width=\"200\" height=\"200\" srcset=\"https:\/\/i0.wp.com\/coaching-proaktiv.de\/wp-content\/uploads\/2024\/11\/ausgebildeter-hypnotiseur-tmi-200.jpg?w=200&amp;ssl=1 200w, https:\/\/i0.wp.com\/coaching-proaktiv.de\/wp-content\/uploads\/2024\/11\/ausgebildeter-hypnotiseur-tmi-200.jpg?resize=150%2C150&amp;ssl=1 150w\" sizes=\"auto, (max-width: 200px) 85vw, 200px\" \/>&nbsp; \n            <\/strong>\n            <img data-recalc-dims=\"1\" loading=\"lazy\" decoding=\"async\" class=\"alignnone size-full wp-image-83\" src=\"https:\/\/i0.wp.com\/coaching-proaktiv.de\/wp-content\/uploads\/2024\/11\/ausgebildete-hypnotiseur-advanced-level-tm-200.jpg?resize=200%2C200&#038;ssl=1\" alt=\"\" width=\"200\" height=\"200\" srcset=\"https:\/\/i0.wp.com\/coaching-proaktiv.de\/wp-content\/uploads\/2024\/11\/ausgebildete-hypnotiseur-advanced-level-tm-200.jpg?w=200&amp;ssl=1 200w, https:\/\/i0.wp.com\/coaching-proaktiv.de\/wp-content\/uploads\/2024\/11\/ausgebildete-hypnotiseur-advanced-level-tm-200.jpg?resize=150%2C150&amp;ssl=1 150w\" sizes=\"auto, (max-width: 200px) 85vw, 200px\" \/>\n          <\/p>\n          <p>&nbsp;<\/p>\n          <p>\n            <span style=\"color: #800080;\">\n              <strong>\n                <span style=\"font-size: 18pt;\">\u201eAlles Urspr\u00fcngliche und daher <\/span>\n                <br>\n                <span style=\"font-size: 18pt;\">alles Echte im Menschen wirkt<\/span>\n                <br>\n                <span style=\"font-size: 18pt;\">als solches wie die Naturkr\u00e4fte,<\/span>\n                <br>\n                <span style=\"font-size: 18pt;\">unbewusst.\u201c<\/span>\n                <br>\n              <\/strong>\n              <span style=\"font-size: 18pt;\">Arthur Schopenhauer<\/span>\n            <\/span>\n          <\/p>\n          <p>&nbsp;<\/p>\n          <p>\n            <span style=\"font-size: 18pt; color: #2a3943;\">\n              <strong>Hypnose <\/strong>arbeitet haupts\u00e4chlich mit dem Unterbewusstsein und erm\u00f6glicht es, unbewusste und automatisch ablaufende Muster und Programme im Sinne des Klienten zu beeinflussen. Der Hypnotisand wird in einen entspannten und dennoch fokussierten Trancezustand versetzt (Theta-Wellen im Gehirn) und neue Informationen sowie positive emotionale Inhalte k\u00f6nnen <strong>direkt <\/strong>in das Unterbewusstsein gelangen und dort tief und nachhaltig verankert werden. So k\u00f6nnen Ver\u00e4nderungen im Erleben und Verhalten sowie die Transformation unerw\u00fcnschter Gewohnheiten und Denkweisen erheblich erleichtert werden. \n            <\/span>\n            <br>\n            <span style=\"font-size: 18pt; color: #2a3943;\">Wieso ist dem so?<\/span>\n            <br>\n            <span style=\"font-size: 18pt; color: #2a3943;\">Nun, viele Forscher und Therapeuten gehen heute davon aus, dass das Unterbewusstsein ganze 90-95 % unserer Verhaltensweisen bestimmt, w\u00e4hrend unser Bewusstsein lediglich 5-10% unserer mentalen Kapazit\u00e4ten umfasst.<\/span>\n            <br>\n            <span style=\"font-size: 18pt; color: #2a3943;\">Zum Gl\u00fcck findet unser Bewusstsein dennoch einige M\u00f6glichkeiten, auf das Unterbewusstsein Einfluss zu nehmen...<\/span>\n          <\/p>\n          <p>\n            <span style=\"font-size: 18pt; color: #2a3943;\">Es gibt mehrere Arten nichtmedizinischer Hypnosen:<\/span>\n          <\/p>\n          <ul>\n            <li>\n              <span style=\"font-size: 18pt; color: #2a3943;\">Die reine <strong>Suggestionshypnose <\/strong>\u2013 sie f\u00fchrt in vielen F\u00e4llen zu wirklich bemerkenswerten Resultaten \n              <\/span>\n            <\/li>\n            <li>\n              <span style=\"font-size: 18pt; color: #2a3943;\">Die <strong>interaktive Hypnose<\/strong> \u2013 Hier empf\u00e4ngt der Hypnotisand nicht ausschlie\u00dflich Suggestionen, sondern befindet sich w\u00e4hrend der hypnotischen Trance auch im Gespr\u00e4ch mit dem Hypnotiseur \n              <\/span>\n            <\/li>\n            <li>\n              <span style=\"font-size: 18pt; color: #2a3943;\">Die <strong>Hypnoanalyse<\/strong> (Sie ist die analytische Version der interaktiven Hypnose) \u2013 mit ihrer Hilfe k\u00f6nnen themenbezogen Problemursachen, Wirkungsmechanismen und m\u00f6gliche L\u00f6sungen erforscht werden, wobei der Klient in der Regel einen sehr starken Bezug zu den Ergebnissen entwickelt, da sie f\u00fcr ihn erkennbar \u201edirekt aus seinem Inneren stammen\u201c \n              <\/span>\n            <\/li>\n            <li>\n              <span style=\"font-size: 18pt; color: #2a3943;\">Und <strong>weitere<\/strong>\n              <\/span>\n            <\/li>\n          <\/ul>\n        <\/div>\n      <\/div>\n    <\/section>\n    \n    \n    \n    \n  \n","protected":false},"excerpt":{"rendered":"<p>Hypnose &nbsp; &nbsp; &nbsp; \u201eAlles Urspr\u00fcngliche und daher alles Echte im Menschen wirkt als solches wie die Naturkr\u00e4fte, unbewusst.\u201c Arthur Schopenhauer &nbsp; Hypnose arbeitet haupts\u00e4chlich mit dem Unterbewusstsein und erm\u00f6glicht es, unbewusste und automatisch ablaufende Muster und Programme im Sinne des Klienten zu beeinflussen. Der Hypnotisand wird in einen entspannten und dennoch fokussierten Trancezustand versetzt &hellip; <a href=\"https:\/\/coaching-proaktiv.de\/index.php\/hypnose\/\" class=\"more-link\">Continue reading<span class=\"screen-reader-text\"> &#8220;Hypnose&#8221;<\/span><\/a><\/p>\n","protected":false},"author":1,"featured_media":0,"parent":0,"menu_order":1,"comment_status":"closed","ping_status":"closed","template":"","meta":{"om_disable_all_campaigns":false,"_monsterinsights_skip_tracking":false,"_monsterinsights_sitenote_active":false,"_monsterinsights_sitenote_note":"","_monsterinsights_sitenote_category":0,"footnotes":""},"class_list":["post-2992","page","type-page","status-publish","hentry"],"yoast_head":"<!-- This site is optimized with the Yoast SEO Premium plugin v27.5 (Yoast SEO v27.5) - https:\/\/yoast.com\/product\/yoast-seo-premium-wordpress\/ -->\n<title>Hypnose: Entdecken Sie die Kraft des Unterbewusstseins - Coaching proaktiv<\/title>\n<meta name=\"description\" content=\"Lassen Sie sich von den M\u00f6glichkeiten der Hypnose \u00fcberraschen und erfahren Sie, wie sie Ihr Leben verbessern kann.\" \/>\n<meta name=\"robots\" content=\"index, follow, max-snippet:-1, max-image-preview:large, max-video-preview:-1\" \/>\n<link rel=\"canonical\" href=\"https:\/\/coaching-proaktiv.de\/index.php\/hypnose\/\" \/>\n<meta property=\"og:locale\" content=\"de_DE\" \/>\n<meta property=\"og:type\" content=\"article\" \/>\n<meta property=\"og:title\" content=\"Hypnose\" \/>\n<meta property=\"og:description\" content=\"Lassen Sie sich von den M\u00f6glichkeiten der Hypnose \u00fcberraschen und erfahren Sie, wie sie Ihr Leben verbessern kann.\" \/>\n<meta property=\"og:url\" content=\"https:\/\/coaching-proaktiv.de\/index.php\/hypnose\/\" \/>\n<meta property=\"og:site_name\" content=\"Coaching proaktiv\" \/>\n<meta property=\"article:modified_time\" content=\"2025-01-18T13:38:12+00:00\" \/>\n<meta name=\"twitter:card\" content=\"summary_large_image\" \/>\n<meta name=\"twitter:label1\" content=\"Gesch\u00e4tzte Lesezeit\" \/>\n\t<meta name=\"twitter:data1\" content=\"2\u00a0Minuten\" \/>\n<script type=\"application\/ld+json\" class=\"yoast-schema-graph\">{\"@context\":\"https:\\\/\\\/schema.org\",\"@graph\":[{\"@type\":\"WebPage\",\"@id\":\"https:\\\/\\\/coaching-proaktiv.de\\\/index.php\\\/hypnose\\\/\",\"url\":\"https:\\\/\\\/coaching-proaktiv.de\\\/index.php\\\/hypnose\\\/\",\"name\":\"Hypnose: Entdecken Sie die Kraft des Unterbewusstseins - Coaching proaktiv\",\"isPartOf\":{\"@id\":\"https:\\\/\\\/coaching-proaktiv.de\\\/#website\"},\"datePublished\":\"2024-11-29T15:32:24+00:00\",\"dateModified\":\"2025-01-18T13:38:12+00:00\",\"description\":\"Lassen Sie sich von den M\u00f6glichkeiten der Hypnose \u00fcberraschen und erfahren Sie, wie sie Ihr Leben verbessern kann.\",\"breadcrumb\":{\"@id\":\"https:\\\/\\\/coaching-proaktiv.de\\\/index.php\\\/hypnose\\\/#breadcrumb\"},\"inLanguage\":\"de\",\"potentialAction\":[{\"@type\":\"ReadAction\",\"target\":[\"https:\\\/\\\/coaching-proaktiv.de\\\/index.php\\\/hypnose\\\/\"]}]},{\"@type\":\"BreadcrumbList\",\"@id\":\"https:\\\/\\\/coaching-proaktiv.de\\\/index.php\\\/hypnose\\\/#breadcrumb\",\"itemListElement\":[{\"@type\":\"ListItem\",\"position\":1,\"name\":\"Startseite\",\"item\":\"https:\\\/\\\/coaching-proaktiv.de\\\/\"},{\"@type\":\"ListItem\",\"position\":2,\"name\":\"Hypnose\"}]},{\"@type\":\"WebSite\",\"@id\":\"https:\\\/\\\/coaching-proaktiv.de\\\/#website\",\"url\":\"https:\\\/\\\/coaching-proaktiv.de\\\/\",\"name\":\"Coaching proactiv\",\"description\":\"Barbara Friebertsh\u00e4user M.A.\",\"publisher\":{\"@id\":\"https:\\\/\\\/coaching-proaktiv.de\\\/#organization\"},\"alternateName\":\"Barbara Friebertshaeuser M.A.\",\"potentialAction\":[{\"@type\":\"SearchAction\",\"target\":{\"@type\":\"EntryPoint\",\"urlTemplate\":\"https:\\\/\\\/coaching-proaktiv.de\\\/?s={search_term_string}\"},\"query-input\":{\"@type\":\"PropertyValueSpecification\",\"valueRequired\":true,\"valueName\":\"search_term_string\"}}],\"inLanguage\":\"de\"},{\"@type\":\"Organization\",\"@id\":\"https:\\\/\\\/coaching-proaktiv.de\\\/#organization\",\"name\":\"Coaching proactiv\",\"url\":\"https:\\\/\\\/coaching-proaktiv.de\\\/\",\"logo\":{\"@type\":\"ImageObject\",\"inLanguage\":\"de\",\"@id\":\"https:\\\/\\\/coaching-proaktiv.de\\\/#\\\/schema\\\/logo\\\/image\\\/\",\"url\":\"https:\\\/\\\/i0.wp.com\\\/coaching-proaktiv.de\\\/wp-content\\\/uploads\\\/2024\\\/11\\\/Logo-Coaching-proaktiv.jpg?fit=598%2C598&ssl=1\",\"contentUrl\":\"https:\\\/\\\/i0.wp.com\\\/coaching-proaktiv.de\\\/wp-content\\\/uploads\\\/2024\\\/11\\\/Logo-Coaching-proaktiv.jpg?fit=598%2C598&ssl=1\",\"width\":598,\"height\":598,\"caption\":\"Coaching proactiv\"},\"image\":{\"@id\":\"https:\\\/\\\/coaching-proaktiv.de\\\/#\\\/schema\\\/logo\\\/image\\\/\"}}]}<\/script>\n<!-- \/ Yoast SEO Premium plugin. -->","yoast_head_json":{"title":"Hypnose: Entdecken Sie die Kraft des Unterbewusstseins - Coaching proaktiv","description":"Lassen Sie sich von den M\u00f6glichkeiten der Hypnose \u00fcberraschen und erfahren Sie, wie sie Ihr Leben verbessern kann.","robots":{"index":"index","follow":"follow","max-snippet":"max-snippet:-1","max-image-preview":"max-image-preview:large","max-video-preview":"max-video-preview:-1"},"canonical":"https:\/\/coaching-proaktiv.de\/index.php\/hypnose\/","og_locale":"de_DE","og_type":"article","og_title":"Hypnose","og_description":"Lassen Sie sich von den M\u00f6glichkeiten der Hypnose \u00fcberraschen und erfahren Sie, wie sie Ihr Leben verbessern kann.","og_url":"https:\/\/coaching-proaktiv.de\/index.php\/hypnose\/","og_site_name":"Coaching proaktiv","article_modified_time":"2025-01-18T13:38:12+00:00","twitter_card":"summary_large_image","twitter_misc":{"Gesch\u00e4tzte Lesezeit":"2\u00a0Minuten"},"schema":{"@context":"https:\/\/schema.org","@graph":[{"@type":"WebPage","@id":"https:\/\/coaching-proaktiv.de\/index.php\/hypnose\/","url":"https:\/\/coaching-proaktiv.de\/index.php\/hypnose\/","name":"Hypnose: Entdecken Sie die Kraft des Unterbewusstseins - Coaching proaktiv","isPartOf":{"@id":"https:\/\/coaching-proaktiv.de\/#website"},"datePublished":"2024-11-29T15:32:24+00:00","dateModified":"2025-01-18T13:38:12+00:00","description":"Lassen Sie sich von den M\u00f6glichkeiten der Hypnose \u00fcberraschen und erfahren Sie, wie sie Ihr Leben verbessern kann.","breadcrumb":{"@id":"https:\/\/coaching-proaktiv.de\/index.php\/hypnose\/#breadcrumb"},"inLanguage":"de","potentialAction":[{"@type":"ReadAction","target":["https:\/\/coaching-proaktiv.de\/index.php\/hypnose\/"]}]},{"@type":"BreadcrumbList","@id":"https:\/\/coaching-proaktiv.de\/index.php\/hypnose\/#breadcrumb","itemListElement":[{"@type":"ListItem","position":1,"name":"Startseite","item":"https:\/\/coaching-proaktiv.de\/"},{"@type":"ListItem","position":2,"name":"Hypnose"}]},{"@type":"WebSite","@id":"https:\/\/coaching-proaktiv.de\/#website","url":"https:\/\/coaching-proaktiv.de\/","name":"Coaching proactiv","description":"Barbara Friebertsh\u00e4user M.A.","publisher":{"@id":"https:\/\/coaching-proaktiv.de\/#organization"},"alternateName":"Barbara Friebertshaeuser M.A.","potentialAction":[{"@type":"SearchAction","target":{"@type":"EntryPoint","urlTemplate":"https:\/\/coaching-proaktiv.de\/?s={search_term_string}"},"query-input":{"@type":"PropertyValueSpecification","valueRequired":true,"valueName":"search_term_string"}}],"inLanguage":"de"},{"@type":"Organization","@id":"https:\/\/coaching-proaktiv.de\/#organization","name":"Coaching proactiv","url":"https:\/\/coaching-proaktiv.de\/","logo":{"@type":"ImageObject","inLanguage":"de","@id":"https:\/\/coaching-proaktiv.de\/#\/schema\/logo\/image\/","url":"https:\/\/i0.wp.com\/coaching-proaktiv.de\/wp-content\/uploads\/2024\/11\/Logo-Coaching-proaktiv.jpg?fit=598%2C598&ssl=1","contentUrl":"https:\/\/i0.wp.com\/coaching-proaktiv.de\/wp-content\/uploads\/2024\/11\/Logo-Coaching-proaktiv.jpg?fit=598%2C598&ssl=1","width":598,"height":598,"caption":"Coaching proactiv"},"image":{"@id":"https:\/\/coaching-proaktiv.de\/#\/schema\/logo\/image\/"}}]}},"jetpack_sharing_enabled":true,"_links":{"self":[{"href":"https:\/\/coaching-proaktiv.de\/index.php\/wp-json\/wp\/v2\/pages\/2992","targetHints":{"allow":["GET"]}}],"collection":[{"href":"https:\/\/coaching-proaktiv.de\/index.php\/wp-json\/wp\/v2\/pages"}],"about":[{"href":"https:\/\/coaching-proaktiv.de\/index.php\/wp-json\/wp\/v2\/types\/page"}],"author":[{"embeddable":true,"href":"https:\/\/coaching-proaktiv.de\/index.php\/wp-json\/wp\/v2\/users\/1"}],"replies":[{"embeddable":true,"href":"https:\/\/coaching-proaktiv.de\/index.php\/wp-json\/wp\/v2\/comments?post=2992"}],"version-history":[{"count":2,"href":"https:\/\/coaching-proaktiv.de\/index.php\/wp-json\/wp\/v2\/pages\/2992\/revisions"}],"predecessor-version":[{"id":3135,"href":"https:\/\/coaching-proaktiv.de\/index.php\/wp-json\/wp\/v2\/pages\/2992\/revisions\/3135"}],"wp:attachment":[{"href":"https:\/\/coaching-proaktiv.de\/index.php\/wp-json\/wp\/v2\/media?parent=2992"}],"curies":[{"name":"wp","href":"https:\/\/api.w.org\/{rel}","templated":true}]}}