{"id":2995,"date":"2024-11-29T15:32:27","date_gmt":"2024-11-29T15:32:27","guid":{"rendered":"https:\/\/coaching-proaktiv.de\/index.php\/coaching\/"},"modified":"2025-01-18T13:33:34","modified_gmt":"2025-01-18T13:33:34","slug":"coaching","status":"publish","type":"page","link":"https:\/\/coaching-proaktiv.de\/index.php\/coaching\/","title":{"rendered":"Coaching"},"content":{"rendered":"\n  \n    \n    <section class=\"u-clearfix u-section-2\" id=\"sec-5ab4\">\n      <div class=\"u-clearfix u-sheet u-valign-middle-lg u-valign-middle-md u-valign-middle-sm u-valign-middle-xl u-valign-middle-xs u-sheet-1\">\n        <div class=\"custom-expanded u-clearfix u-custom-html u-custom-html-1\">\n          <p>\n            <span style=\"font-size: 36pt; color: #db545a; font-family: georgia, palatino, serif;\">\n              <strong>Personal u. Business Coaching<\/strong>\n            <\/span>\n          <\/p>\n          <p>\n            <span style=\"font-family: georgia, palatino, serif;\">\n              <strong>&nbsp;<\/strong>\n            <\/span>\n          <\/p>\n          <p>\n            <span style=\"font-size: 18pt; color: #800080; font-family: georgia, palatino, serif;\">\n              <strong>\u201eDer Ziellose erleidet sein<br> Schicksal \u2013 der<br> Zielbewusste gestaltet es.\u201c<br>\n              <\/strong>Immanuel Kant \n            <\/span>\n          <\/p>\n          <p>\n            <span style=\"font-size: 18pt; color: #2a3943; font-family: georgia, palatino, serif;\">\n              <strong>&nbsp;<\/strong>\n            <\/span>\n          <\/p>\n          <p>\n            <span style=\"font-size: 18pt; color: #2a3943; font-family: georgia, palatino, serif;\">\n              <strong>Coaching <\/strong>ist hervorragend daf\u00fcr geeignet, die unterschiedlichsten privaten wie beruflichen Ziele bzw. Probleme psychisch gesunder Menschen anzugehen sowie unerw\u00fcnschte Verhaltensweisen abzulegen. Es versteht sich als Hilfe zur Selbsthilfe: In erster Linie wird Ihnen mit Empathie, voller Aufmerksamkeit und echtem Interesse Augen und Ohren geliehen, wobei der jeweilige Coach bei allem nachhakt, was ihm auff\u00e4llt, ihm widerspr\u00fcchlich oder unklar erscheint. Auf diese Weise kristallisieren sich immer mehr Zusammenh\u00e4nge, Ursachen, Wirkungen, hinderliche \u00dcberzeugungen, alte Wunden, Trigger etc. heraus, mit denen dann zielf\u00fchrend bzw. l\u00f6sungsorientiert weitergearbeitet werden kann. &nbsp; \n            <\/span>\n          <\/p>\n          <p>\n            <span style=\"font-size: 18pt; color: #2a3943; font-family: georgia, palatino, serif;\">\n              <strong>Einzelcoaching <\/strong>bedeutet bzw. beinhaltet: \n            <\/span>\n          <\/p>\n          <ul>\n            <li>\n              <span style=\"font-size: 18pt; color: #2a3943; font-family: georgia, palatino, serif;\">Engagierte Prozessbegleitung, keine fertigen L\u00f6sungen<\/span>\n            <\/li>\n            <li>\n              <span style=\"font-size: 18pt; color: #2a3943; font-family: georgia, palatino, serif;\">1:1 Begegnung auf Augenh\u00f6he in gesch\u00fctztem Raum<\/span>\n            <\/li>\n            <li>\n              <span style=\"font-size: 18pt; color: #2a3943; font-family: georgia, palatino, serif;\">Gezielte Fragen, noch mehr Fragen, hinterfragen<\/span>\n            <\/li>\n            <li>\n              <span style=\"font-size: 18pt; color: #2a3943; font-family: georgia, palatino, serif;\">Teilweise \u00dcbungen und Coaching-Tools<\/span>\n            <\/li>\n            <li>\n              <span style=\"font-size: 18pt; color: #2a3943; font-family: georgia, palatino, serif;\">Erarbeitung konkreter Zielvorstellungen<\/span>\n            <\/li>\n            <li>\n              <span style=\"font-size: 18pt; color: #2a3943; font-family: georgia, palatino, serif;\">Teilziele festlegen, Strategien entwickeln<\/span>\n            <\/li>\n            <li>\n              <span style=\"font-size: 18pt; color: #2a3943; font-family: georgia, palatino, serif;\">\u00dcbereinstimmung mit pers\u00f6nlichen Werten<\/span>\n            <\/li>\n            <li>\n              <span style=\"font-size: 18pt; color: #2a3943; font-family: georgia, palatino, serif;\">Priorit\u00e4ten, Entscheidungen, Konsequenzen<\/span>\n            <\/li>\n            <li>\n              <span style=\"font-size: 18pt; color: #2a3943; font-family: georgia, palatino, serif;\">Perspektiven, Bedeutungszuschreibungen<\/span>\n            <\/li>\n            <li>\n              <span style=\"font-size: 18pt; color: #2a3943; font-family: georgia, palatino, serif;\">Selbstbeobachtung, Selbstreflexion, Selbstf\u00fcrsorge<\/span>\n            <\/li>\n            <li>\n              <span style=\"font-size: 18pt; color: #2a3943; font-family: georgia, palatino, serif;\">Glaubenss\u00e4tze, \u00dcberzeugungen, Gedanken, Gef\u00fchle<\/span>\n            <\/li>\n            <li>\n              <span style=\"font-size: 18pt; color: #2a3943; font-family: georgia, palatino, serif;\">Entschlossenheit, Konsistenz, Durchhalteverm\u00f6gen<\/span>\n            <\/li>\n            <li>\n              <span style=\"font-size: 18pt; color: #2a3943; font-family: georgia, palatino, serif;\">Zeit- und Stressmanagement, St\u00e4rken st\u00e4rken<\/span>\n            <\/li>\n            <li>\n              <span style=\"font-size: 18pt; color: #2a3943; font-family: georgia, palatino, serif;\">Motivation, Organisation, Struktur<\/span>\n            <\/li>\n            <li>\n              <span style=\"font-size: 18pt; color: #2a3943; font-family: georgia, palatino, serif;\">Ressourcen, Resilienz, Grenzsetzungen<\/span>\n            <\/li>\n            <li>\n              <span style=\"font-size: 18pt; color: #2a3943; font-family: georgia, palatino, serif;\">Eigenverantwortung, Klarheit<\/span>\n            <\/li>\n            <li>\n              <span style=\"font-size: 18pt; color: #2a3943; font-family: georgia, palatino, serif;\">Und vieles mehr<\/span>\n            <\/li>\n          <\/ul>\n        <\/div>\n      <\/div>\n    <\/section>\n    \n    \n    \n    \n  \n","protected":false},"excerpt":{"rendered":"<p>Personal u. Business Coaching &nbsp; \u201eDer Ziellose erleidet sein Schicksal \u2013 der Zielbewusste gestaltet es.\u201c Immanuel Kant &nbsp; Coaching ist hervorragend daf\u00fcr geeignet, die unterschiedlichsten privaten wie beruflichen Ziele bzw. Probleme psychisch gesunder Menschen anzugehen sowie unerw\u00fcnschte Verhaltensweisen abzulegen. Es versteht sich als Hilfe zur Selbsthilfe: In erster Linie wird Ihnen mit Empathie, voller Aufmerksamkeit &hellip; <a href=\"https:\/\/coaching-proaktiv.de\/index.php\/coaching\/\" class=\"more-link\">Continue reading<span class=\"screen-reader-text\"> &#8220;Coaching&#8221;<\/span><\/a><\/p>\n","protected":false},"author":1,"featured_media":0,"parent":0,"menu_order":4,"comment_status":"closed","ping_status":"closed","template":"","meta":{"om_disable_all_campaigns":false,"_monsterinsights_skip_tracking":false,"_monsterinsights_sitenote_active":false,"_monsterinsights_sitenote_note":"","_monsterinsights_sitenote_category":0,"footnotes":""},"class_list":["post-2995","page","type-page","status-publish","hentry"],"yoast_head":"<!-- This site is optimized with the Yoast SEO Premium plugin v27.5 (Yoast SEO v27.5) - https:\/\/yoast.com\/product\/yoast-seo-premium-wordpress\/ -->\n<title>Personal Coaching u. Business Coaching: Ihre Erfolgsstrategie - Coaching proaktiv<\/title>\n<meta name=\"description\" content=\"Erreichen Sie Ihre pers\u00f6nlichen und gesch\u00e4ftlichen Ziele mit Personal und Business Coaching. Nutzen Sie Unterst\u00fctzung f\u00fcr Ihren Erfolg.\" \/>\n<meta name=\"robots\" content=\"index, follow, max-snippet:-1, max-image-preview:large, max-video-preview:-1\" \/>\n<link rel=\"canonical\" href=\"https:\/\/coaching-proaktiv.de\/index.php\/coaching\/\" \/>\n<meta property=\"og:locale\" content=\"de_DE\" \/>\n<meta property=\"og:type\" content=\"article\" \/>\n<meta property=\"og:title\" content=\"Coaching\" \/>\n<meta property=\"og:description\" content=\"Erreichen Sie Ihre pers\u00f6nlichen und gesch\u00e4ftlichen Ziele mit Personal und Business Coaching. Nutzen Sie Unterst\u00fctzung f\u00fcr Ihren Erfolg.\" \/>\n<meta property=\"og:url\" content=\"https:\/\/coaching-proaktiv.de\/index.php\/coaching\/\" \/>\n<meta property=\"og:site_name\" content=\"Coaching proaktiv\" \/>\n<meta property=\"article:modified_time\" content=\"2025-01-18T13:33:34+00:00\" \/>\n<meta name=\"twitter:card\" content=\"summary_large_image\" \/>\n<meta name=\"twitter:label1\" content=\"Gesch\u00e4tzte Lesezeit\" \/>\n\t<meta name=\"twitter:data1\" content=\"1\u00a0Minute\" \/>\n<script type=\"application\/ld+json\" class=\"yoast-schema-graph\">{\"@context\":\"https:\\\/\\\/schema.org\",\"@graph\":[{\"@type\":\"WebPage\",\"@id\":\"https:\\\/\\\/coaching-proaktiv.de\\\/index.php\\\/coaching\\\/\",\"url\":\"https:\\\/\\\/coaching-proaktiv.de\\\/index.php\\\/coaching\\\/\",\"name\":\"Personal Coaching u. Business Coaching: Ihre Erfolgsstrategie - Coaching proaktiv\",\"isPartOf\":{\"@id\":\"https:\\\/\\\/coaching-proaktiv.de\\\/#website\"},\"datePublished\":\"2024-11-29T15:32:27+00:00\",\"dateModified\":\"2025-01-18T13:33:34+00:00\",\"description\":\"Erreichen Sie Ihre pers\u00f6nlichen und gesch\u00e4ftlichen Ziele mit Personal und Business Coaching. Nutzen Sie Unterst\u00fctzung f\u00fcr Ihren Erfolg.\",\"breadcrumb\":{\"@id\":\"https:\\\/\\\/coaching-proaktiv.de\\\/index.php\\\/coaching\\\/#breadcrumb\"},\"inLanguage\":\"de\",\"potentialAction\":[{\"@type\":\"ReadAction\",\"target\":[\"https:\\\/\\\/coaching-proaktiv.de\\\/index.php\\\/coaching\\\/\"]}]},{\"@type\":\"BreadcrumbList\",\"@id\":\"https:\\\/\\\/coaching-proaktiv.de\\\/index.php\\\/coaching\\\/#breadcrumb\",\"itemListElement\":[{\"@type\":\"ListItem\",\"position\":1,\"name\":\"Startseite\",\"item\":\"https:\\\/\\\/coaching-proaktiv.de\\\/\"},{\"@type\":\"ListItem\",\"position\":2,\"name\":\"Coaching\"}]},{\"@type\":\"WebSite\",\"@id\":\"https:\\\/\\\/coaching-proaktiv.de\\\/#website\",\"url\":\"https:\\\/\\\/coaching-proaktiv.de\\\/\",\"name\":\"Coaching proactiv\",\"description\":\"Barbara Friebertsh\u00e4user M.A.\",\"publisher\":{\"@id\":\"https:\\\/\\\/coaching-proaktiv.de\\\/#organization\"},\"alternateName\":\"Barbara Friebertshaeuser M.A.\",\"potentialAction\":[{\"@type\":\"SearchAction\",\"target\":{\"@type\":\"EntryPoint\",\"urlTemplate\":\"https:\\\/\\\/coaching-proaktiv.de\\\/?s={search_term_string}\"},\"query-input\":{\"@type\":\"PropertyValueSpecification\",\"valueRequired\":true,\"valueName\":\"search_term_string\"}}],\"inLanguage\":\"de\"},{\"@type\":\"Organization\",\"@id\":\"https:\\\/\\\/coaching-proaktiv.de\\\/#organization\",\"name\":\"Coaching proactiv\",\"url\":\"https:\\\/\\\/coaching-proaktiv.de\\\/\",\"logo\":{\"@type\":\"ImageObject\",\"inLanguage\":\"de\",\"@id\":\"https:\\\/\\\/coaching-proaktiv.de\\\/#\\\/schema\\\/logo\\\/image\\\/\",\"url\":\"https:\\\/\\\/i0.wp.com\\\/coaching-proaktiv.de\\\/wp-content\\\/uploads\\\/2024\\\/11\\\/Logo-Coaching-proaktiv.jpg?fit=598%2C598&ssl=1\",\"contentUrl\":\"https:\\\/\\\/i0.wp.com\\\/coaching-proaktiv.de\\\/wp-content\\\/uploads\\\/2024\\\/11\\\/Logo-Coaching-proaktiv.jpg?fit=598%2C598&ssl=1\",\"width\":598,\"height\":598,\"caption\":\"Coaching proactiv\"},\"image\":{\"@id\":\"https:\\\/\\\/coaching-proaktiv.de\\\/#\\\/schema\\\/logo\\\/image\\\/\"}}]}<\/script>\n<!-- \/ Yoast SEO Premium plugin. -->","yoast_head_json":{"title":"Personal Coaching u. Business Coaching: Ihre Erfolgsstrategie - Coaching proaktiv","description":"Erreichen Sie Ihre pers\u00f6nlichen und gesch\u00e4ftlichen Ziele mit Personal und Business Coaching. Nutzen Sie Unterst\u00fctzung f\u00fcr Ihren Erfolg.","robots":{"index":"index","follow":"follow","max-snippet":"max-snippet:-1","max-image-preview":"max-image-preview:large","max-video-preview":"max-video-preview:-1"},"canonical":"https:\/\/coaching-proaktiv.de\/index.php\/coaching\/","og_locale":"de_DE","og_type":"article","og_title":"Coaching","og_description":"Erreichen Sie Ihre pers\u00f6nlichen und gesch\u00e4ftlichen Ziele mit Personal und Business Coaching. Nutzen Sie Unterst\u00fctzung f\u00fcr Ihren Erfolg.","og_url":"https:\/\/coaching-proaktiv.de\/index.php\/coaching\/","og_site_name":"Coaching proaktiv","article_modified_time":"2025-01-18T13:33:34+00:00","twitter_card":"summary_large_image","twitter_misc":{"Gesch\u00e4tzte Lesezeit":"1\u00a0Minute"},"schema":{"@context":"https:\/\/schema.org","@graph":[{"@type":"WebPage","@id":"https:\/\/coaching-proaktiv.de\/index.php\/coaching\/","url":"https:\/\/coaching-proaktiv.de\/index.php\/coaching\/","name":"Personal Coaching u. Business Coaching: Ihre Erfolgsstrategie - Coaching proaktiv","isPartOf":{"@id":"https:\/\/coaching-proaktiv.de\/#website"},"datePublished":"2024-11-29T15:32:27+00:00","dateModified":"2025-01-18T13:33:34+00:00","description":"Erreichen Sie Ihre pers\u00f6nlichen und gesch\u00e4ftlichen Ziele mit Personal und Business Coaching. Nutzen Sie Unterst\u00fctzung f\u00fcr Ihren Erfolg.","breadcrumb":{"@id":"https:\/\/coaching-proaktiv.de\/index.php\/coaching\/#breadcrumb"},"inLanguage":"de","potentialAction":[{"@type":"ReadAction","target":["https:\/\/coaching-proaktiv.de\/index.php\/coaching\/"]}]},{"@type":"BreadcrumbList","@id":"https:\/\/coaching-proaktiv.de\/index.php\/coaching\/#breadcrumb","itemListElement":[{"@type":"ListItem","position":1,"name":"Startseite","item":"https:\/\/coaching-proaktiv.de\/"},{"@type":"ListItem","position":2,"name":"Coaching"}]},{"@type":"WebSite","@id":"https:\/\/coaching-proaktiv.de\/#website","url":"https:\/\/coaching-proaktiv.de\/","name":"Coaching proactiv","description":"Barbara Friebertsh\u00e4user M.A.","publisher":{"@id":"https:\/\/coaching-proaktiv.de\/#organization"},"alternateName":"Barbara Friebertshaeuser M.A.","potentialAction":[{"@type":"SearchAction","target":{"@type":"EntryPoint","urlTemplate":"https:\/\/coaching-proaktiv.de\/?s={search_term_string}"},"query-input":{"@type":"PropertyValueSpecification","valueRequired":true,"valueName":"search_term_string"}}],"inLanguage":"de"},{"@type":"Organization","@id":"https:\/\/coaching-proaktiv.de\/#organization","name":"Coaching proactiv","url":"https:\/\/coaching-proaktiv.de\/","logo":{"@type":"ImageObject","inLanguage":"de","@id":"https:\/\/coaching-proaktiv.de\/#\/schema\/logo\/image\/","url":"https:\/\/i0.wp.com\/coaching-proaktiv.de\/wp-content\/uploads\/2024\/11\/Logo-Coaching-proaktiv.jpg?fit=598%2C598&ssl=1","contentUrl":"https:\/\/i0.wp.com\/coaching-proaktiv.de\/wp-content\/uploads\/2024\/11\/Logo-Coaching-proaktiv.jpg?fit=598%2C598&ssl=1","width":598,"height":598,"caption":"Coaching proactiv"},"image":{"@id":"https:\/\/coaching-proaktiv.de\/#\/schema\/logo\/image\/"}}]}},"jetpack_sharing_enabled":true,"_links":{"self":[{"href":"https:\/\/coaching-proaktiv.de\/index.php\/wp-json\/wp\/v2\/pages\/2995","targetHints":{"allow":["GET"]}}],"collection":[{"href":"https:\/\/coaching-proaktiv.de\/index.php\/wp-json\/wp\/v2\/pages"}],"about":[{"href":"https:\/\/coaching-proaktiv.de\/index.php\/wp-json\/wp\/v2\/types\/page"}],"author":[{"embeddable":true,"href":"https:\/\/coaching-proaktiv.de\/index.php\/wp-json\/wp\/v2\/users\/1"}],"replies":[{"embeddable":true,"href":"https:\/\/coaching-proaktiv.de\/index.php\/wp-json\/wp\/v2\/comments?post=2995"}],"version-history":[{"count":2,"href":"https:\/\/coaching-proaktiv.de\/index.php\/wp-json\/wp\/v2\/pages\/2995\/revisions"}],"predecessor-version":[{"id":3137,"href":"https:\/\/coaching-proaktiv.de\/index.php\/wp-json\/wp\/v2\/pages\/2995\/revisions\/3137"}],"wp:attachment":[{"href":"https:\/\/coaching-proaktiv.de\/index.php\/wp-json\/wp\/v2\/media?parent=2995"}],"curies":[{"name":"wp","href":"https:\/\/api.w.org\/{rel}","templated":true}]}}